{"id":613,"date":"2021-04-19T12:01:24","date_gmt":"2021-04-19T10:01:24","guid":{"rendered":"https:\/\/www.hotel-milton.com\/?page_id=613"},"modified":"2026-04-14T14:59:03","modified_gmt":"2026-04-14T12:59:03","slug":"appartamenti","status":"publish","type":"page","link":"https:\/\/www.hotel-milton.com\/de\/appartamenti\/","title":{"rendered":"Wohnungen"},"content":{"rendered":"\n<div id=\"flc-carousel\" data-cellAlign=\"center\" data-bgLazyLoad=\"1\" data-freeScroll=\"true\" data-wrapAround=\"true\" data-autoPlay=\"2000\" data-pauseAutoPlayOnHover =\"true\" data-prevNextButtons=\"false\" data-contain=\"true\" data-pageDots=\"false\" data-draggable=\"false\" data-groupCells=\"1\" data-fade=\"true\" class=\"js--flickity wao-blocks-slider top-carousel flc-carousel-51302\"  >\n\n                            <div class=\"w-100\">\n                    \n    <div style='background: url(https:\/\/www.hotel-milton.com\/wp-content\/uploads\/2021\/04\/top-appartamento.jpg)center center rgba(118,160,226,0.7); background-blend-mode: multiply; background-size: cover; height: 50vh; background-position: center center;' class='wao-blocks-flc-banner'>\n        <div \n            class='carousel-caption mobile-tablet-centered text-center d-flex align-items-center justify-content-center' \n            data-cof=\"true\" data-cof-rule=\"padding, 2rem, 2rem, 2rem, 2rem, 2rem|width,100%, 100%, 100%, 100%, 100%\"             style='max-width: 100%; bottom: 0; background-color:  rgba(118,160,226,0.7); margin:  auto            '>\n            \n<div>\n\n\n<div class=\"wao-blocks-immagine-src mx-auto text-center js--hideme \" \n    data-anim='zoomIn' >\n                    <img decoding=\"async\" src=\"https:\/\/www.hotel-milton.com\/wp-content\/uploads\/2021\/04\/greca-white-top.png\"  class=\"img-fluid max-h-100px\"  alt=\"greca-white-top\">\n    <\/div>\n\n\n<p class=\"has-text-align-center h2 text-white text-uppercase\">Formula Residence<\/p>\n\n\n\n<div class=\"wao-blocks-immagine-src mx-auto text-center js--hideme \" \n    data-anim='zoomIn' >\n                    <img decoding=\"async\" src=\"https:\/\/www.hotel-milton.com\/wp-content\/uploads\/2021\/04\/greca-white-bottom.png\"  class=\"img-fluid max-h-100px\"  alt=\"greca-white-bottom\">\n    <\/div>\n\n<\/div>\n        <\/div>\n        <style>\n            @media screen and (max-width: 992px) {\n                .mobile-tablet-centered {\n                    margin: auto !important;\n                }\n            }\n        <\/style>\n    <\/div>\n    \n                <\/div>\n            \n<\/div>\n\n<section class=\"wao-blocks-container container mb-2\"\n\t\t>\n    \n<div class=\"wao-blocks-row row\" >\n    \n\n<div class=\"col-12 col-md-12\"\n     \n\t \n\tdata-cof=\"true\"\n    data-cof-rule=\"padding, 1rem, 2rem, 2rem, 3rem, 3rem\" >\n        \n\n<div class=\"breadcrumb-block\"\n    >\n    <div class=\"text-secondary mx-auto text-center small\">\n        <a href=\"https:\/\/www.hotel-milton.com\/de\" rel=\"nofollow\" title=\"Home\">Home &gt;<\/a>\n        Appartamenti    <\/div>\n<\/div>\n\n\n<h1 class=\"wp-block-heading has-text-align-center text-uppercase\">&nbsp;Il nostro appartamento, per chi preferisce l\u2019indipendenza!<\/h1>\n\n\n\n<div class=\"wao-blocks-immagine-src text-center mx-auto mt-4 mb-2 js--hideme \" \n    data-anim='zoomIn' >\n                    <img decoding=\"async\" src=\"https:\/\/www.hotel-milton.com\/wp-content\/uploads\/2021\/04\/greca-up.png\"  class=\"img-fluid\"  alt=\"greca-up\">\n    <\/div>\n\n\n<p class=\"has-text-align-center\">Ci sono tanti modi di vivere una vacanza a Cattolica! <br>Noi proponiamo ai nostri clienti una vacanza all\u2019insegna del relax presso l\u2019Hotel Milton, ma sappiamo che c\u2019\u00e8 chi preferisce <strong>l\u2019indipendenza <\/strong>e non vuole essere vincolato da orari o altro. Per questo abbiamo una soluzione su misura per i nostri ospiti! Un <strong>comodo appartamento<\/strong> a pochi passi dalle nostre strutture e a soli 110 metri dal mare!&nbsp;<\/p>\n\n\n\n<div class=\"wao-blocks-immagine-src text-center mx-auto  mb-4 js--hideme \" \n    data-anim='zoomIn' >\n                    <img decoding=\"async\" src=\"https:\/\/www.hotel-milton.com\/wp-content\/uploads\/2021\/04\/greca-down.png\"  class=\"img-fluid\"  alt=\"greca-down\">\n    <\/div>\n    <\/div>\n<\/div>\n<\/section>\n\n<section class=\"wao-blocks-container container-fluid mb-2\"\n\t\t>\n    \n<div class=\"wao-blocks-row row\" >\n    \n\n<div class=\"col-12 col-lg-1 col-xl-2 d-none d-lg-flex align-items-center justify-content-end\"\n     \n\t \n\t>\n        \n\n<div class=\"wao-blocks-immagine-src js--hideme \" \n    data-anim='pulse' >\n                    <img decoding=\"async\" src=\"https:\/\/www.hotel-milton.com\/wp-content\/uploads\/2021\/04\/greca-sx.png\"  class=\"img-fluid\"  alt=\"greca-sx\">\n    <\/div>\n    <\/div>\n\n\n<div class=\"col-12 col-md-12 col-lg-6 col-xl-4 g--bkg-dark-02 d-block d-lg-flex align-items-center justify-content-center\"\n     \n\t \n\tdata-cof=\"true\"\n    data-cof-rule=\"padding, 1rem , 2rem, 2rem, 1rem, 1rem\" >\n        \n<div class=\" p-4\" >\n\n\n<h2 class=\"wp-block-heading has-text-align-center text-uppercase\">Un bilocale dotato di ogni comfort!<\/h2>\n\n\n\n<p class=\"has-text-align-center\">L\u2019appartamento si trova precisamente in Via Dante ed \u00e8 un bilocale ubicato all\u2019interno di una <strong>palazzina rinnovata<\/strong>, al secondo piano e provvista di <strong>ascensore<\/strong>. Dispone di angolo cottura con <strong>cucina completa,<\/strong> di frigorifero e forno.&nbsp;La <strong>posizione strategica<\/strong> a pochi passi dalle nostre strutture, permetter\u00e0 agli ospiti che soggiornano in appartamento, di usufruire di ogni comfort. Presso i due hotel, infatti, \u00e8 possibile anche pranzare o cenare, per chi vuole il massimo della comodit\u00e0!&nbsp;<\/p>\n\n\n<\/div>\n    <\/div>\n\n\n<div class=\"col-12 col-md-12 col-lg-4 col-xl-4 g--bkg-dark-02 \"\n     \n\t \n\tdata-cof=\"true\"\n    data-cof-rule=\"padding, 1rem , 2rem, 2rem,5rem 1rem, 5rem 1rem \" >\n        \n\n<div class=\"js--flickity wao-blocks-img-carousel-flickity w-100 h-100 img-carousel-flickity-11415\"\n    data-cof=\"true\" data-cof-rule=\"min-height, 400px, 400px, 400px, 400px, 400px\"     data-cellAlign=\"right\" data-bgLazyLoad=\"1\" data-freeScroll=\"false\" data-wrapAround=\"true\" data-autoPlay=\"2000\" data-pauseAutoPlayOnHover =\"true\" data-prevNextButtons=\"false\" data-contain=\"true\" data-pageDots=\"true\" data-draggable=\"true\" data-initialIndex=\"1\"    style=\"margin-bottom: 35px\" >\n                <div class=\"col-12 col-sm-12 col-md-12 p-0 h-100\">\n                                                <div class=\"w-100\" style='background: url(https:\/\/www.hotel-milton.com\/wp-content\/uploads\/2021\/04\/appartamento-gallery-2-600x478.jpg); background-size: cover; height: 400px;background-position: 50% 50%;'><\/div>\n                    <\/a>                            \n\n                                            <\/div>\n                        <div class=\"col-12 col-sm-12 col-md-12 p-0 h-100\">\n                                                <div class=\"w-100\" style='background: url(https:\/\/www.hotel-milton.com\/wp-content\/uploads\/2021\/04\/appartamento-gallery-3-600x478.jpg); background-size: cover; height: 400px;background-position: 50% 50%;'><\/div>\n                    <\/a>                            \n\n                                            <\/div>\n                        <div class=\"col-12 col-sm-12 col-md-12 p-0 h-100\">\n                                                <div class=\"w-100\" style='background: url(https:\/\/www.hotel-milton.com\/wp-content\/uploads\/2021\/04\/appartamento-gallery-4-600x478.jpg); background-size: cover; height: 400px;background-position: 50% 50%;'><\/div>\n                    <\/a>                            \n\n                                            <\/div>\n                        <div class=\"col-12 col-sm-12 col-md-12 p-0 h-100\">\n                                                <div class=\"w-100\" style='background: url(https:\/\/www.hotel-milton.com\/wp-content\/uploads\/2021\/04\/appartamento-gallery-1-600x478.jpg); background-size: cover; height: 400px;background-position: 50% 50%;'><\/div>\n                    <\/a>                            \n\n                                            <\/div>\n            <\/div>\n\n\n    <\/div>\n\n\n<div class=\"col-12 col-lg-1 col-xl-2 d-none d-lg-flex align-items-center justify-content-start\"\n     \n\t \n\t>\n        \n\n<div class=\"wao-blocks-immagine-src js--hideme \" \n    data-anim='pulse' >\n                    <img decoding=\"async\" src=\"https:\/\/www.hotel-milton.com\/wp-content\/uploads\/2021\/04\/greca-dx.png\"  class=\"img-fluid\"  alt=\"greca-dx\">\n    <\/div>\n    <\/div>\n<\/div>\n<\/section>\n\n<section class=\"wao-blocks-container container-fluid mb-2\"\n\t\t>\n    \n<div class=\"wao-blocks-row row\" >\n    \n\n<div class=\"col-12 col-md-12  text-center p-box-greca\"\n     \n\t \n\t>\n        \n\n<div class=\"wao-blocks-immagine-src mx-auto text-center js--hideme \" \n    data-anim='rubberBand' >\n                    <img decoding=\"async\" src=\"https:\/\/www.hotel-milton.com\/wp-content\/uploads\/2021\/04\/greca-top.png\"  class=\"img-fluid\"  alt=\"greca-hotel-milton\">\n    <\/div>\n    <\/div>\n\n\n<div class=\"col-12 g--bkg-light-01 p-box-home\"\n     \n\t \n\t>\n        \n\n<h2 class=\"wp-block-heading has-text-align-center h1 text-uppercase\">Iscriviti alla newsletter<\/h2>\n\n\n<div class=\"mx-auto py-4 max-w-1140px\" >\n\n<script src=\"https:\/\/www.google.com\/recaptcha\/enterprise.js?render=6LdKs-6Lc3xMIcAAAAAO2K3CkgGUYb6BcsBOk289jP7NUP\"><\/script>\n<div class=\"l--box-newsletter wao-blocks-nav-tab\" >\n    <form class=\"custom\" name=\"iscrizione_newsletter\" id=\"iscrizione_newsletter\" method=\"post\" autocomplete=\"OFF\">\n        <fieldset>\n            <div class=\"form-group row\">\n                                <div class=\"col-12 col-lg-6 mx-auto\">\n                    <input type=\"text\" class=\"form-control my-2\" id=\"news_nome\" name=\"nome\" placeholder=\"Nome*\">\n                <\/div>\n                <div class=\"col-12 col-lg-6 mx-auto\">\n                    <input type=\"text\" class=\"form-control my-2\" id=\"news_email\" name=\"email\" value=\"\" placeholder=\"Email*\">\n                <\/div>\n                <div id=\"newsletter\" class=\"col-12 col-lg-6 mx-auto\">\n<input value=\"on\" type=\"checkbox\" name=\"news_privacy\" id=\"news_privacy\">\n<label for=\"news_privacy\">*\n    <small>\n        <a href=\"javascript:void(0)\" title=\"privacy\"\n            class=\"privacy link-privacy-policy \" style=\"cursor: pointer;\">\n            Accetto privacy\n        <\/a>\n    <\/small>\n<\/label>\n<\/div>                <div class=\"col-12 col-lg-6 mx-auto\">\n                    <button class=\"btn btn-primary mx-auto\"type=\"submit\" id=\"iscrizioneNewsletter\">\n                        Iscriviti\n                    <\/button>\n                    <input name=\"dominio\" type=\"hidden\" value=\"https:\/\/www.hotel-milton.com\/de\/\">\n                    <input name=\"idHotel\" type=\"hidden\" value=\"537\">\n                    <input name=\"lingua\" type=\"hidden\" value=\"it\">\n                <\/div>\n            <\/div>\n        <\/fieldset>\n    <\/form>\n<\/div>\n<div id=\"divAlert\" class=\"h-50 w-50 m-auto alert-info d-none\" style=\"position: fixed; top: 10px; left: 10px; right: 10px; bottom: 10px; z-index: 2000; overflow: auto\">\n\t<div class=\"text-right\">\n\t\t<a class=\"btn btn-primary btn_chiudi \" href=\"javascript:void(0)\" onclick=\"location.reload(true);\" title=\"Chiudi\"><i class=\"fa fa-times\" aria-hidden=\"true\"><\/i><\/a>\n\t<\/div>\n\t<div class=\"text-center alert-info l--align-middle-vertical\" style=\"height: calc(100% - 50px);\">\n\t\t<div class=\"logo\"><\/div>\n\t\t<div class=\"text-center h-50 w-50\">\n\t\t\t<span class=\"display-3\"><i class=\"fa fa-paper-plane\" aria-hidden=\"true\"><\/i><\/span>\n\t\t\t<h4>iscrizione alla newsletter completata con successo<\/h4>\n\t\t<\/div>\n\t<\/div>\n<\/div>\n\n\n<\/div>\n    <\/div>\n\n\n<div class=\"col-12 col-md-12  text-center p-box-bgreca\"\n     \n\t \n\t>\n        \n\n<div class=\"wao-blocks-immagine-src mx-auto text-center js--hideme \" \n    data-anim='rubberBand' >\n                    <img decoding=\"async\" src=\"https:\/\/www.hotel-milton.com\/wp-content\/uploads\/2021\/04\/greca-bottom.png\"  class=\"img-fluid\"  alt=\"greca-bottom\">\n    <\/div>\n    <\/div>\n<\/div>\n<\/section>\n\n<section class=\"wao-blocks-container container-fluid mb-2\"\n\t\t>\n    \n<div class=\"wao-blocks-row row\" >\n    \n\n<div class=\"col-12 col-md-12 col-lg-6 text-center \"\n     \n\t \n\t>\n        \n\n<h2 class=\"wp-block-heading has-text-align-center h1 text-uppercase p-4\">Dicono di noi<\/h2>\n\n\n\n<div class=\"wao-blocks-immagine-src text-center mx-auto my-4 w-ico-puntiforza\" \n    >\n                    <img decoding=\"async\" src=\"https:\/\/www.hotel-milton.com\/wp-content\/uploads\/2021\/04\/ico-tripadvisor.svg\"  class=\"img-fluid\"  alt=\"tripadvisor-hotel-milton\">\n    <\/div>\n\n<div id=\"innerblocks-slider-parent1\" data-wrapAround='true' data-cellAlign=\"right\" data-bgLazyLoad=\"1\" data-freeScroll=\"false\" data-autoPlay=\"2000\" data-pauseAutoPlayOnHover =\"true\" data-prevNextButtons=\"false\" data-contain=\"true\" data-pageDots=\"true\" data-draggable=\"true\"  class=\"wrap-desktop js--flickity wao-blocks-slider innerblocks-slider-parent-54326\"  style=\"margin-bottom: 35px\">\n            <div class=\"col-12 col-md-12 col-lg-12 p-0\" style=\"height:auto\">\n            \n    <div \n        class='innerblocks-slider-child wao-blocks-innerblocks-slider-child' \n        >\n        \n<div class=\"mx-auto max-w-500px\">\n\n\n<p class=\"has-text-align-center\">Siamo una coppia con un bambino, (...), la stanza era molto pulita e accogliente con un balconcino e dotata di tutti i comfort. La cucina del ristorante dell'hotel era veramente ottima, (...) . L'hotel \u00e8 dotato di un centro benessere situato sul lungomare molto bello con piscina, idromassaggio e palestra. Lo consigliamo veramente perch\u00e9 siamo stati molto bene in un ambiente familiare, sicuramente torneremo l'anno prossimo!<\/p>\n\n\n\n<p class=\"has-text-align-center\"><em>Teresa F<\/em><\/p>\n\n\n<\/div>\n    <\/div>\n    <style>\n        @media screen and (max-width: 992px) {\n            .innerblocks-slider-child {\n                margin: auto !important;\n            }\n        }\n    <\/style>\n  \n\n        <\/div>\n            <div class=\"col-12 col-md-12 col-lg-12 p-0\" style=\"height:auto\">\n            \n    <div \n        class='innerblocks-slider-child wao-blocks-innerblocks-slider-child' \n        >\n        \n<div class=\"mx-auto max-w-500px\">\n\n\n<p class=\"has-text-align-center\">Questo \u00e8 il primo anno a Cattolica e abbiamo azzeccato al primo colpo l'hotel! Tutto il personale sempre cordiale e gentile soprattutto Alex il caposala e Cristian del bar. DISPONIBILIT\u00c0 PAZZESCA!!! Ci hanno fatto sentire come a casa Un altro punto di forza \u00e8 lo chef davvero eccezionale (...) Stanze sempre pulite e biancheria cambiata ogni giorno. A due passi dal mare e nel centro della movida. Fantastica vacanza anche grazie a voi. (...)<\/p>\n\n\n\n<p class=\"has-text-align-center\"><em>SimonaO373<\/em><\/p>\n\n\n<\/div>\n    <\/div>\n    <style>\n        @media screen and (max-width: 992px) {\n            .innerblocks-slider-child {\n                margin: auto !important;\n            }\n        }\n    <\/style>\n  \n\n        <\/div>\n            <div class=\"col-12 col-md-12 col-lg-12 p-0\" style=\"height:auto\">\n            \n    <div \n        class='innerblocks-slider-child wao-blocks-innerblocks-slider-child' \n        >\n        \n<div class=\"mx-auto max-w-500px\">\n\n\n<p class=\"has-text-align-center\">Abbiamo scelto l'hotel giusto per noi, buon servizio in mensa con ottimi piatti, comodissimo al mare su una zona tranquillissima nel centro vecchio di Cattolica. Con una breve e piacevole passeggiata si arriva nel nuovo centro.<\/p>\n\n\n\n<p class=\"has-text-align-center\"><em>Enrico F<\/em><\/p>\n\n\n<\/div>\n    <\/div>\n    <style>\n        @media screen and (max-width: 992px) {\n            .innerblocks-slider-child {\n                margin: auto !important;\n            }\n        }\n    <\/style>\n  \n        <\/div>\n    <\/div>\n<div id=\"innerblocks-slider-parent2\"  data-wrapAround='true' data-cellAlign=\"right\" data-bgLazyLoad=\"1\" data-freeScroll=\"false\" data-autoPlay=\"2000\" data-pauseAutoPlayOnHover =\"true\" data-prevNextButtons=\"false\" data-contain=\"true\" data-pageDots=\"true\" data-draggable=\"true\" class=\"wrap-mobile js--flickity wao-blocks-slider innerblocks-slider-parent-54326\"  style=\"margin-bottom: 35px\">\n            <div class=\"col-12 col-md-12 col-lg-12 p-0\" style=\"height:auto\">\n            \n    <div \n        class='innerblocks-slider-child wao-blocks-innerblocks-slider-child' \n        >\n        \n<div class=\"mx-auto max-w-500px\">\n\n\n<p class=\"has-text-align-center\">Siamo una coppia con un bambino, (...), la stanza era molto pulita e accogliente con un balconcino e dotata di tutti i comfort. La cucina del ristorante dell'hotel era veramente ottima, (...) . L'hotel \u00e8 dotato di un centro benessere situato sul lungomare molto bello con piscina, idromassaggio e palestra. Lo consigliamo veramente perch\u00e9 siamo stati molto bene in un ambiente familiare, sicuramente torneremo l'anno prossimo!<\/p>\n\n\n\n<p class=\"has-text-align-center\"><em>Teresa F<\/em><\/p>\n\n\n<\/div>\n    <\/div>\n    <style>\n        @media screen and (max-width: 992px) {\n            .innerblocks-slider-child {\n                margin: auto !important;\n            }\n        }\n    <\/style>\n  \n\n        <\/div>\n            <div class=\"col-12 col-md-12 col-lg-12 p-0\" style=\"height:auto\">\n            \n    <div \n        class='innerblocks-slider-child wao-blocks-innerblocks-slider-child' \n        >\n        \n<div class=\"mx-auto max-w-500px\">\n\n\n<p class=\"has-text-align-center\">Questo \u00e8 il primo anno a Cattolica e abbiamo azzeccato al primo colpo l'hotel! Tutto il personale sempre cordiale e gentile soprattutto Alex il caposala e Cristian del bar. DISPONIBILIT\u00c0 PAZZESCA!!! Ci hanno fatto sentire come a casa Un altro punto di forza \u00e8 lo chef davvero eccezionale (...) Stanze sempre pulite e biancheria cambiata ogni giorno. A due passi dal mare e nel centro della movida. Fantastica vacanza anche grazie a voi. (...)<\/p>\n\n\n\n<p class=\"has-text-align-center\"><em>SimonaO373<\/em><\/p>\n\n\n<\/div>\n    <\/div>\n    <style>\n        @media screen and (max-width: 992px) {\n            .innerblocks-slider-child {\n                margin: auto !important;\n            }\n        }\n    <\/style>\n  \n\n        <\/div>\n            <div class=\"col-12 col-md-12 col-lg-12 p-0\" style=\"height:auto\">\n            \n    <div \n        class='innerblocks-slider-child wao-blocks-innerblocks-slider-child' \n        >\n        \n<div class=\"mx-auto max-w-500px\">\n\n\n<p class=\"has-text-align-center\">Abbiamo scelto l'hotel giusto per noi, buon servizio in mensa con ottimi piatti, comodissimo al mare su una zona tranquillissima nel centro vecchio di Cattolica. Con una breve e piacevole passeggiata si arriva nel nuovo centro.<\/p>\n\n\n\n<p class=\"has-text-align-center\"><em>Enrico F<\/em><\/p>\n\n\n<\/div>\n    <\/div>\n    <style>\n        @media screen and (max-width: 992px) {\n            .innerblocks-slider-child {\n                margin: auto !important;\n            }\n        }\n    <\/style>\n  \n        <\/div>\n    <\/div>\n    <\/div>\n\n\n<div class=\"col-12 col-md-12 col-lg-6 p-0 text-center\"\n     \n\t \n\t>\n        \n\n<h2 class=\"wp-block-heading has-text-align-center h1 text-uppercase p-4\">A pochi passi dal mare<\/h2>\n\n\n<iframe class=\"js--lazy-load h-google-map\" title=\"Google map Hotel Milton Cattolica\" data-src=\"https:\/\/www.google.com\/maps\/embed?pb=!1m14!1m8!1m3!1d91892.8043098251!2d12.667442525705864!3d43.966602999999985!3m2!1i1024!2i768!4f13.1!3m3!1m2!1s0x0%3A0x60e7a116dce324a!2sHotel%20Milton!5e0!3m2!1sit!2sit!4v1618473304287!5m2!1sit!2sit\" width=\"100%\" style=\"border:0;\" allowfullscreen=\"\" loading=\"lazy\"><\/iframe>\n    <\/div>\n<\/div>\n<\/section>\n\n<section class=\"wao-blocks-container container-fluid mb-2\"\n\t\t>\n    \n<div class=\"wao-blocks-row row\" >\n    \n\n<div class=\"col-12 col-lg-2 col-xl-2 d-none d-lg-flex align-items-center justify-content-end\"\n     \n\t \n\t>\n        \n\n<div class=\"wao-blocks-immagine-src js--hideme \" \n    data-anim='rubberBand' >\n                    <img decoding=\"async\" src=\"https:\/\/www.hotel-milton.com\/wp-content\/uploads\/2021\/04\/greca-sx.png\"  class=\"img-fluid\"  alt=\"greca-hotel-milton\">\n    <\/div>\n    <\/div>\n\n\n<div class=\"col-12 col-md-12 col-lg-8 col-xl-8 p-box-home\"\n     \n\t \n\t>\n        \n\n<h2 class=\"wp-block-heading has-text-align-center  text-uppercase pb-4\">Contattaci<\/h2>\n\n\n\n<div class=\"merida_root\" id=\"merida_block\"><\/div>\n\n<script>\nvar merida_config_merida_block = {\n    customerId: 537 ,\n    showSuccessModal : true,\n    rootEl: \"merida_block\",\n    childrenAgeMax: 16,\n    childrenAgeMin: 0,\n    layout: \"default\",\n    language: \"de\",\n                theme : {\n        colors: {\n            primary: '#60483f',\n            primaryTextAlt: '#ffffff',\n            secondary: '#362f2d',\n            secondaryTextAlt: '#ffffff',\n            text: '#3e464c',\n            error: '#cc0033',\n            formBackground: '#ffffff',\n            label: '#4d4d4d',\n            labelInput: '#4e4e4e',\n            labelInputActive: '#7ebd6d',\n            inputBackground: '#eeeeee',\n            inputBorder: '#eeeeee',\n            checkboxBorder: '#eeeeee',\n        }\n    },\n    onSuccess : function(res) {\n        \n                        if (typeof(ga) !== 'undefined') {\n                   ga('send', 'event', 'Email', 'Invio', 'Form');\n                }\n                    }\n};\n\n(function(url, cb) {\n    var s = document.createElement(\"script\");\n    s.type = \"text\/javascript\";\n\n    if (s.readyState) { \/\/IE\n        s.onreadystatechange = function() {\n            if (s.readyState == \"loaded\" || s.readyState == \"complete\") {\n                s.onreadystatechange = null;\n                cb();\n            }\n        };\n    } else { \/\/Others\n        s.onload = function() {\n            cb();\n        };\n    }\n\n    s.src = url;\n    document.getElementsByTagName(\"head\")[0].appendChild(s);\n})(\"https:\/\/static.adriasonline.it\/merida\/latest\/merida.js\", function() {\n    window.aoForm = merida(merida_config_merida_block);\n});\n<\/script>\n    <\/div>\n\n\n<div class=\"col-12 col-lg-2 col-xl-2 d-none d-lg-flex align-items-center justify-content-start\"\n     \n\t \n\t>\n        \n\n<div class=\"wao-blocks-immagine-src js--hideme \" \n    data-anim='rubberBand' >\n                    <img decoding=\"async\" src=\"https:\/\/www.hotel-milton.com\/wp-content\/uploads\/2021\/04\/greca-dx.png\"  class=\"img-fluid\"  alt=\"greca-hotel-milton\">\n    <\/div>\n    <\/div>\n<\/div>\n<\/section>\n\n<section class=\"wao-blocks-container container mb-2\"\n\t\t>\n    \n<div class=\"wao-blocks-row row\" >\n    \n\n<div class=\"col-12 col-md-6\"\n     \n\t \n\t>\n        \n\n<h2 class=\"wp-block-heading has-text-align-center h3 text-uppercase\">Social<\/h2>\n\n\n<div class=\"g--bkg-light-02 py-4 px-5 d-flex align-items-center justify-content-start mb-4\" style=\"min-height:160px;\">\n\n\n<div class=\"wao-blocks-immagine-src mx-2 w-70px\" \n    >\n         <a href=\"https:\/\/www.facebook.com\/HotelMiltonCattolica\/\" target=\"_blank\" title=\"Vai alla pagina\">             <img decoding=\"async\" src=\"https:\/\/www.hotel-milton.com\/wp-content\/uploads\/2021\/04\/ico-facebook.svg\"  class=\"img-fluid\"  alt=\"facebook-hotel-milton\">\n     <\/a> <\/div>\n\n\n<p class=\"text-uppercase\"><strong><a href=\"https:\/\/www.facebook.com\/HotelMiltonCattolica\/\" data-type=\"URL\" data-id=\"https:\/\/www.facebook.com\/HotelMiltonCattolica\/\" target=\"_blank\" rel=\"noreferrer noopener\">La nostra pagina facebook<\/a><\/strong><\/p>\n\n\n<\/div>\n\n<div class=\"g--bkg-light-02 py-4 px-5 d-flex align-items-center justify-content-start my-4\" style=\"min-height:160px;\">\n\n\n<div class=\"wao-blocks-immagine-src mx-2 w-70px\" \n    >\n         <a href=\"https:\/\/www.instagram.com\/hotel_milton_cattolica\/\" target=\"_blank\" title=\"Vai alla pagina\">             <img decoding=\"async\" src=\"https:\/\/www.hotel-milton.com\/wp-content\/uploads\/2021\/04\/ico-instagram.svg\"  class=\"img-fluid\"  alt=\"instagram-hotel-milton\">\n     <\/a> <\/div>\n\n\n<p class=\"text-uppercase\"><strong><a href=\"https:\/\/www.instagram.com\/hotel_milton_cattolica\/\" data-type=\"URL\" data-id=\"https:\/\/www.instagram.com\/hotel_milton_cattolica\/\" target=\"_blank\" rel=\"noreferrer noopener\">Seguici su instagram<\/a><\/strong><\/p>\n\n\n<\/div>\n    <\/div>\n\n\n<div class=\"col-12 col-md-6\"\n     \n\t \n\t>\n        \n\n<h2 class=\"wp-block-heading has-text-align-center h3  text-uppercase\">Prova anche<\/h2>\n\n\n\n<div class=\"wao-blocks-immagine-src\" \n    >\n         <a href=\"https:\/\/www.hotel-savoia.com\/\" target=\"_blank\" title=\"Vai alla pagina\">             <img decoding=\"async\" src=\"https:\/\/www.hotel-milton.com\/wp-content\/uploads\/2021\/04\/savoia-hotel.jpg\"  class=\"img-fluid\"  alt=\"hotel-savoia-hotel-milton\">\n     <\/a> <\/div>\n\n\n<div class=\"wao-blocks-button text-center\" >\n\t<a href=\"https:\/\/www.hotel-savoia.com\/\" \n\t\tclass=\"btn btn-primary my-4 \"\n        title=\"Scopri l'Hotel Savoia\" \n\t\ttarget=\"_blank\"\t\ttitle=\"SCOPRI HOTEL SAVOIA\" \n\t>\t\n\t\t\t\tSCOPRI HOTEL SAVOIA\t\t\t<\/a>\n<\/div>\n    <\/div>\n<\/div>\n<\/section>","protected":false},"excerpt":{"rendered":"","protected":false},"author":1,"featured_media":0,"parent":0,"menu_order":0,"comment_status":"closed","ping_status":"closed","template":"","meta":{"footnotes":""},"class_list":["post-613","page","type-page","status-publish","hentry"],"_links":{"self":[{"href":"https:\/\/www.hotel-milton.com\/de\/wp-json\/wp\/v2\/pages\/613","targetHints":{"allow":["GET"]}}],"collection":[{"href":"https:\/\/www.hotel-milton.com\/de\/wp-json\/wp\/v2\/pages"}],"about":[{"href":"https:\/\/www.hotel-milton.com\/de\/wp-json\/wp\/v2\/types\/page"}],"author":[{"embeddable":true,"href":"https:\/\/www.hotel-milton.com\/de\/wp-json\/wp\/v2\/users\/1"}],"replies":[{"embeddable":true,"href":"https:\/\/www.hotel-milton.com\/de\/wp-json\/wp\/v2\/comments?post=613"}],"version-history":[{"count":36,"href":"https:\/\/www.hotel-milton.com\/de\/wp-json\/wp\/v2\/pages\/613\/revisions"}],"predecessor-version":[{"id":1377,"href":"https:\/\/www.hotel-milton.com\/de\/wp-json\/wp\/v2\/pages\/613\/revisions\/1377"}],"wp:attachment":[{"href":"https:\/\/www.hotel-milton.com\/de\/wp-json\/wp\/v2\/media?parent=613"}],"curies":[{"name":"wp","href":"https:\/\/api.w.org\/{rel}","templated":true}]}}