{"id":490,"date":"2021-04-16T15:56:44","date_gmt":"2021-04-16T13:56:44","guid":{"rendered":"https:\/\/www.hotel-milton.com\/?page_id=490"},"modified":"2026-04-14T15:13:38","modified_gmt":"2026-04-14T13:13:38","slug":"vacanze-in-sicurezza","status":"publish","type":"page","link":"https:\/\/www.hotel-milton.com\/en\/vacanze-in-sicurezza\/","title":{"rendered":"Holidays in safety"},"content":{"rendered":"<section class=\"wao-blocks-container container mb-2\"\n\t\t>\n    \n<div class=\"wao-blocks-row row\" >\n    \n\n<div class=\"col-12 col-md-12\"\n     \n\t \n\tdata-cof=\"true\"\n    data-cof-rule=\"padding, 1rem, 2rem, 2rem, 3rem, 3rem\" >\n        \n\n<div class=\"breadcrumb-block\"\n    >\n    <div class=\"text-secondary mx-auto text-center small\">\n        <a href=\"https:\/\/www.hotel-milton.com\/en\" rel=\"nofollow\" title=\"Home\">Home &gt;<\/a>\n        Vacanze in sicurezza    <\/div>\n<\/div>\n\n\n<h1 class=\"wp-block-heading has-text-align-center text-uppercase\">Vacanze in Sicurezza<\/h1>\n\n\n\n<div class=\"wao-blocks-immagine-src text-center mx-auto mt-4 mb-2 js--hideme \" \n    data-anim='zoomIn' >\n                    <img decoding=\"async\" src=\"https:\/\/www.hotel-milton.com\/wp-content\/uploads\/2021\/04\/greca-up.png\"  class=\"img-fluid\"  alt=\"greca-up\">\n    <\/div>\n\n\n<p class=\"has-text-align-center\">Anche quest\u2019anno adotteremo tutte le <strong>misure necessarie<\/strong> per adeguarci alle norme vigenti e per garantire ai nostri ospiti una <strong>vacanza <\/strong>piacevole, in<strong> totale sicurezza<\/strong>.&nbsp;<br>Ecco come ci siamo organizzati!<\/p>\n\n\n\n<div class=\"wao-blocks-immagine-src text-center mx-auto  mb-4 js--hideme \" \n    data-anim='zoomIn' >\n                    <img decoding=\"async\" src=\"https:\/\/www.hotel-milton.com\/wp-content\/uploads\/2021\/04\/greca-down.png\"  class=\"img-fluid\"  alt=\"greca-down\">\n    <\/div>\n\n<div class=\"mx-auto max-w-1140px\" >\n\n\n<div class=\"wao-blocks-accordion\" id=\"accordion\" >\n        <div class=\"card border-bottom g--b-c-01 border-top-0 border-right-0 border-left-0 mb-3 g--bkg-light-01\">\n        <div class=\"card-header border-0\" id=\"heading_69ee2ba41cb850\">\n            <h5 class=\"mb-0 mt-0\">\n                <button class=\"btn btn-link \" data-toggle=\"collapse\"\n                    data-target=\"#collapse_69ee2ba41cb850\" aria-expanded=\"false\"\n                    aria-controls=\"collapse_69ee2ba41cb850\" style=\"white-space: normal;\">\n                    > Check-in                <\/button>\n            <\/h5>\n        <\/div>\n        <div id=\"collapse_69ee2ba41cb850\" class=\"collapse\" aria-labelledby=\"headingOne\" data-parent=\"#accordion\">\n            <div class=\"card-body \">\n                Per agevolare le procedure di <strong>check-in <\/strong>al momento dell\u2019arrivo, \u00e8 possibile farlo direttamente <strong>online<\/strong>. L'ingresso in stanza \u00e8 previsto a partire dalle ore 12.00 mentre, il giorno della partenza, la stanza andr\u00e0 lasciata entro le 10.00.            <\/div>\n        <\/div>\n    <\/div>\n        <div class=\"card border-bottom g--b-c-01 border-top-0 border-right-0 border-left-0 mb-3 g--bkg-light-01\">\n        <div class=\"card-header border-0\" id=\"heading_69ee2ba41cb851\">\n            <h5 class=\"mb-0 mt-0\">\n                <button class=\"btn btn-link \" data-toggle=\"collapse\"\n                    data-target=\"#collapse_69ee2ba41cb851\" aria-expanded=\"false\"\n                    aria-controls=\"collapse_69ee2ba41cb851\" style=\"white-space: normal;\">\n                    > Ristorante                <\/button>\n            <\/h5>\n        <\/div>\n        <div id=\"collapse_69ee2ba41cb851\" class=\"collapse\" aria-labelledby=\"headingOne\" data-parent=\"#accordion\">\n            <div class=\"card-body \">\n                La nostra <strong>ampia sala ristorante<\/strong> ci permette di mantenere i <strong>tavoli ben distanziati<\/strong>, come da protocollo.<br>A colazione e durante i pasti, il <strong>buffet<\/strong> sar\u00e0 <strong>protetto<\/strong> da pannelli di plexiglass, per garantire il massimo dell\u2019igiene. La variet\u00e0 e la qualit\u00e0 del men\u00f9 non cambieranno, ma le pietanze saranno<strong> servite dai camerieri<\/strong>, in base alla scelta del cliente.            <\/div>\n        <\/div>\n    <\/div>\n        <div class=\"card border-bottom g--b-c-01 border-top-0 border-right-0 border-left-0 mb-3 g--bkg-light-01\">\n        <div class=\"card-header border-0\" id=\"heading_69ee2ba41cb852\">\n            <h5 class=\"mb-0 mt-0\">\n                <button class=\"btn btn-link \" data-toggle=\"collapse\"\n                    data-target=\"#collapse_69ee2ba41cb852\" aria-expanded=\"false\"\n                    aria-controls=\"collapse_69ee2ba41cb852\" style=\"white-space: normal;\">\n                    > Pulizia e Sicurezza                <\/button>\n            <\/h5>\n        <\/div>\n        <div id=\"collapse_69ee2ba41cb852\" class=\"collapse\" aria-labelledby=\"headingOne\" data-parent=\"#accordion\">\n            <div class=\"card-body \">\n                Come da consuetudine, presteremo la massima attenzione alle <strong>pulizie<\/strong>. Tutti gli ambienti saranno frequentemente <strong>igienizzati e sanificati.<\/strong><br>Negli spazi comuni \u00e8 presente un\u2019apposita <strong>cartellonistica <\/strong>i per guidare i clienti al rispetto delle nuove norme. Inoltre, all\u2019arrivo in struttura, omaggeremo tutti i nostri ospiti di una<strong> mascherina<\/strong> che potr\u00e0 essere utile durante il soggiorno.\u00a0            <\/div>\n        <\/div>\n    <\/div>\n        <div class=\"card border-bottom g--b-c-01 border-top-0 border-right-0 border-left-0 mb-3 g--bkg-light-01\">\n        <div class=\"card-header border-0\" id=\"heading_69ee2ba41cb853\">\n            <h5 class=\"mb-0 mt-0\">\n                <button class=\"btn btn-link \" data-toggle=\"collapse\"\n                    data-target=\"#collapse_69ee2ba41cb853\" aria-expanded=\"false\"\n                    aria-controls=\"collapse_69ee2ba41cb853\" style=\"white-space: normal;\">\n                    > Piscina                <\/button>\n            <\/h5>\n        <\/div>\n        <div id=\"collapse_69ee2ba41cb853\" class=\"collapse\" aria-labelledby=\"headingOne\" data-parent=\"#accordion\">\n            <div class=\"card-body \">\n                Per un tuffo in piscina o per\u00a0 mantenersi in allenamento, l\u2019<strong>area wellness<\/strong> e la <strong>palestra <\/strong>dell'hotel Savoia sono a disposizione degli ospiti, con <strong>ingresso contingentato<\/strong>.            <\/div>\n        <\/div>\n    <\/div>\n        <div class=\"card border-bottom g--b-c-01 border-top-0 border-right-0 border-left-0 mb-3 g--bkg-light-01\">\n        <div class=\"card-header border-0\" id=\"heading_69ee2ba41cb854\">\n            <h5 class=\"mb-0 mt-0\">\n                <button class=\"btn btn-link \" data-toggle=\"collapse\"\n                    data-target=\"#collapse_69ee2ba41cb854\" aria-expanded=\"false\"\n                    aria-controls=\"collapse_69ee2ba41cb854\" style=\"white-space: normal;\">\n                    > Spiaggia                 <\/button>\n            <\/h5>\n        <\/div>\n        <div id=\"collapse_69ee2ba41cb854\" class=\"collapse\" aria-labelledby=\"headingOne\" data-parent=\"#accordion\">\n            <div class=\"card-body \">\n                Presso la <strong>spiaggia convenzionata <\/strong>i nostri clienti avranno <strong>pi\u00f9 spazio e comodit\u00e0<\/strong> sotto l'ombrellone e i bimbi potranno divertirsi nell'area giochi, nel rispetto delle norme vigenti            <\/div>\n        <\/div>\n    <\/div>\n        <div class=\"card border-bottom g--b-c-01 border-top-0 border-right-0 border-left-0 mb-3 g--bkg-light-01\">\n        <div class=\"card-header border-0\" id=\"heading_69ee2ba41cb855\">\n            <h5 class=\"mb-0 mt-0\">\n                <button class=\"btn btn-link \" data-toggle=\"collapse\"\n                    data-target=\"#collapse_69ee2ba41cb855\" aria-expanded=\"false\"\n                    aria-controls=\"collapse_69ee2ba41cb855\" style=\"white-space: normal;\">\n                    > In caso di Annullamento                <\/button>\n            <\/h5>\n        <\/div>\n        <div id=\"collapse_69ee2ba41cb855\" class=\"collapse\" aria-labelledby=\"headingOne\" data-parent=\"#accordion\">\n            <div class=\"card-body \">\n                Sappiamo che questo \u00e8 un momento di incertezze, pertanto vogliamo dare qualche garanzia in pi\u00f9 ai nostri clienti. Nel caso di <strong>annullamento <\/strong>della prenotazione, rilasceremo un<strong> voucher <\/strong>da utilizzare per un soggiorno in un altro periodo a scelta .            <\/div>\n        <\/div>\n    <\/div>\n    <\/div>\n\n<\/div>\n    <\/div>\n<\/div>\n<\/section>\n\n<section class=\"wao-blocks-container container-fluid mb-2\"\n\t\t>\n    \n<div class=\"wao-blocks-row row\" >\n    \n\n<div class=\"col-12 col-lg-2 col-xl-2 d-none d-lg-flex align-items-center justify-content-end\"\n     \n\t \n\t>\n        \n\n<div class=\"wao-blocks-immagine-src js--hideme \" \n    data-anim='rubberBand' >\n                    <img decoding=\"async\" src=\"https:\/\/www.hotel-milton.com\/wp-content\/uploads\/2021\/04\/greca-sx.png\"  class=\"img-fluid\"  alt=\"greca-hotel-milton\">\n    <\/div>\n    <\/div>\n\n\n<div class=\"col-12 col-md-12 col-lg-8 col-xl-8 p-box-home\"\n     \n\t \n\t>\n        \n\n<h2 class=\"wp-block-heading has-text-align-center  text-uppercase pb-4\">Contattaci<\/h2>\n\n\n\n<div class=\"merida_root\" id=\"merida_block\"><\/div>\n\n<script>\nvar merida_config_merida_block = {\n    customerId: 537 ,\n    showSuccessModal : true,\n    rootEl: \"merida_block\",\n    childrenAgeMax: 16,\n    childrenAgeMin: 0,\n    layout: \"default\",\n    language: \"en\",\n                theme : {\n        colors: {\n            primary: '#60483f',\n            primaryTextAlt: '#ffffff',\n            secondary: '#362f2d',\n            secondaryTextAlt: '#ffffff',\n            text: '#3e464c',\n            error: '#cc0033',\n            formBackground: '#ffffff',\n            label: '#4d4d4d',\n            labelInput: '#4e4e4e',\n            labelInputActive: '#7ebd6d',\n            inputBackground: '#eeeeee',\n            inputBorder: '#eeeeee',\n            checkboxBorder: '#eeeeee',\n        }\n    },\n    onSuccess : function(res) {\n        \n                        if (typeof(ga) !== 'undefined') {\n                   ga('send', 'event', 'Email', 'Invio', 'Form');\n                }\n                    }\n};\n\n(function(url, cb) {\n    var s = document.createElement(\"script\");\n    s.type = \"text\/javascript\";\n\n    if (s.readyState) { \/\/IE\n        s.onreadystatechange = function() {\n            if (s.readyState == \"loaded\" || s.readyState == \"complete\") {\n                s.onreadystatechange = null;\n                cb();\n            }\n        };\n    } else { \/\/Others\n        s.onload = function() {\n            cb();\n        };\n    }\n\n    s.src = url;\n    document.getElementsByTagName(\"head\")[0].appendChild(s);\n})(\"https:\/\/static.adriasonline.it\/merida\/latest\/merida.js\", function() {\n    window.aoForm = merida(merida_config_merida_block);\n});\n<\/script>\n    <\/div>\n\n\n<div class=\"col-12 col-lg-2 col-xl-2 d-none d-lg-flex align-items-center justify-content-start\"\n     \n\t \n\t>\n        \n\n<div class=\"wao-blocks-immagine-src js--hideme \" \n    data-anim='rubberBand' >\n                    <img decoding=\"async\" src=\"https:\/\/www.hotel-milton.com\/wp-content\/uploads\/2021\/04\/greca-dx.png\"  class=\"img-fluid\"  alt=\"greca-hotel-milton\">\n    <\/div>\n    <\/div>\n<\/div>\n<\/section>","protected":false},"excerpt":{"rendered":"","protected":false},"author":1,"featured_media":0,"parent":0,"menu_order":0,"comment_status":"closed","ping_status":"closed","template":"","meta":{"footnotes":""},"class_list":["post-490","page","type-page","status-publish","hentry"],"_links":{"self":[{"href":"https:\/\/www.hotel-milton.com\/en\/wp-json\/wp\/v2\/pages\/490","targetHints":{"allow":["GET"]}}],"collection":[{"href":"https:\/\/www.hotel-milton.com\/en\/wp-json\/wp\/v2\/pages"}],"about":[{"href":"https:\/\/www.hotel-milton.com\/en\/wp-json\/wp\/v2\/types\/page"}],"author":[{"embeddable":true,"href":"https:\/\/www.hotel-milton.com\/en\/wp-json\/wp\/v2\/users\/1"}],"replies":[{"embeddable":true,"href":"https:\/\/www.hotel-milton.com\/en\/wp-json\/wp\/v2\/comments?post=490"}],"version-history":[{"count":7,"href":"https:\/\/www.hotel-milton.com\/en\/wp-json\/wp\/v2\/pages\/490\/revisions"}],"predecessor-version":[{"id":1415,"href":"https:\/\/www.hotel-milton.com\/en\/wp-json\/wp\/v2\/pages\/490\/revisions\/1415"}],"wp:attachment":[{"href":"https:\/\/www.hotel-milton.com\/en\/wp-json\/wp\/v2\/media?parent=490"}],"curies":[{"name":"wp","href":"https:\/\/api.w.org\/{rel}","templated":true}]}}